{"id":15300,"date":"2023-04-11T12:51:40","date_gmt":"2023-04-11T12:51:40","guid":{"rendered":"https:\/\/liquorland.club\/product\/15300\/remy-martin-1738-accord-royal-cognac-700\/"},"modified":"2023-04-11T12:51:40","modified_gmt":"2023-04-11T12:51:40","slug":"remy-martin-1738-accord-royal-cognac-700","status":"publish","type":"product","link":"https:\/\/liquorland.club\/ar\/product\/15300\/remy-martin-1738-accord-royal-cognac-700\/","title":{"rendered":"R\u00e9my Martin 1738 Accord Royal Cognac 700"},"content":{"rendered":"<p>A premium cognac produced by the R\u00e9my Martin distillery. The 1738 designation indicates that it was created to honor the accord between King Louis XV and R\u00e9my Martin in 1738.<\/p>\n","protected":false},"excerpt":{"rendered":"<p>A premium cognac produced by the R\u00e9my Martin distillery. The 1738 designation indicates that it was created to honor the accord between King Louis XV and R\u00e9my Martin in 1738.<\/p>\n","protected":false},"featured_media":12415,"comment_status":"open","ping_status":"closed","template":"","meta":[],"product_brand":[],"product_cat":[286],"product_tag":[],"class_list":{"0":"post-15300","1":"product","2":"type-product","3":"status-publish","4":"has-post-thumbnail","6":"product_cat-286","8":"first","9":"outofstock","10":"taxable","11":"shipping-taxable","12":"purchasable","13":"product-type-simple"},"_links":{"self":[{"href":"https:\/\/liquorland.club\/ar\/wp-json\/wp\/v2\/product\/15300","targetHints":{"allow":["GET"]}}],"collection":[{"href":"https:\/\/liquorland.club\/ar\/wp-json\/wp\/v2\/product"}],"about":[{"href":"https:\/\/liquorland.club\/ar\/wp-json\/wp\/v2\/types\/product"}],"replies":[{"embeddable":true,"href":"https:\/\/liquorland.club\/ar\/wp-json\/wp\/v2\/comments?post=15300"}],"wp:featuredmedia":[{"embeddable":true,"href":"https:\/\/liquorland.club\/ar\/wp-json\/wp\/v2\/media\/12415"}],"wp:attachment":[{"href":"https:\/\/liquorland.club\/ar\/wp-json\/wp\/v2\/media?parent=15300"}],"wp:term":[{"taxonomy":"product_brand","embeddable":true,"href":"https:\/\/liquorland.club\/ar\/wp-json\/wp\/v2\/product_brand?post=15300"},{"taxonomy":"product_cat","embeddable":true,"href":"https:\/\/liquorland.club\/ar\/wp-json\/wp\/v2\/product_cat?post=15300"},{"taxonomy":"product_tag","embeddable":true,"href":"https:\/\/liquorland.club\/ar\/wp-json\/wp\/v2\/product_tag?post=15300"}],"curies":[{"name":"wp","href":"https:\/\/api.w.org\/{rel}","templated":true}]}}