{"id":18057,"date":"2024-02-10T15:31:11","date_gmt":"2024-02-10T13:31:11","guid":{"rendered":"https:\/\/liquorland.club\/product\/18057\/purcari-chateau-rose-2022\/"},"modified":"2026-01-06T19:46:41","modified_gmt":"2026-01-06T17:46:41","slug":"purcari-chateau-rose-2022","status":"publish","type":"product","link":"https:\/\/liquorland.club\/he\/product\/18057\/purcari-chateau-rose-2022\/","title":{"rendered":"Purcari Chateau Rose 2022"},"content":{"rendered":"<p>Ros\u00e9 de Purcari is an annual ros\u00e9 all-rounder. Elegantly finished with 5% of the indigenous Rar\u0103 Neagr\u0103 grape. A great summer and winter ros\u00e9.<\/p>\n","protected":false},"excerpt":{"rendered":"<p>Ros\u00e9 de Purcari is an annual ros\u00e9 all-rounder. Elegantly finished with 5% of the indigenous Rar\u0103 Neagr\u0103 grape. A great summer and winter ros\u00e9.<\/p>\n","protected":false},"featured_media":18047,"comment_status":"open","ping_status":"closed","template":"","meta":[],"product_brand":[],"product_cat":[370],"product_tag":[],"class_list":{"0":"post-18057","1":"product","2":"type-product","3":"status-publish","4":"has-post-thumbnail","6":"product_cat-rose-wine-he","8":"first","9":"instock","10":"sale","11":"taxable","12":"shipping-taxable","13":"purchasable","14":"product-type-simple"},"_links":{"self":[{"href":"https:\/\/liquorland.club\/he\/wp-json\/wp\/v2\/product\/18057","targetHints":{"allow":["GET"]}}],"collection":[{"href":"https:\/\/liquorland.club\/he\/wp-json\/wp\/v2\/product"}],"about":[{"href":"https:\/\/liquorland.club\/he\/wp-json\/wp\/v2\/types\/product"}],"replies":[{"embeddable":true,"href":"https:\/\/liquorland.club\/he\/wp-json\/wp\/v2\/comments?post=18057"}],"wp:featuredmedia":[{"embeddable":true,"href":"https:\/\/liquorland.club\/he\/wp-json\/wp\/v2\/media\/18047"}],"wp:attachment":[{"href":"https:\/\/liquorland.club\/he\/wp-json\/wp\/v2\/media?parent=18057"}],"wp:term":[{"taxonomy":"product_brand","embeddable":true,"href":"https:\/\/liquorland.club\/he\/wp-json\/wp\/v2\/product_brand?post=18057"},{"taxonomy":"product_cat","embeddable":true,"href":"https:\/\/liquorland.club\/he\/wp-json\/wp\/v2\/product_cat?post=18057"},{"taxonomy":"product_tag","embeddable":true,"href":"https:\/\/liquorland.club\/he\/wp-json\/wp\/v2\/product_tag?post=18057"}],"curies":[{"name":"wp","href":"https:\/\/api.w.org\/{rel}","templated":true}]}}